{"id":6627,"date":"2025-06-03T11:58:03","date_gmt":"2025-06-03T09:58:03","guid":{"rendered":"https:\/\/eztain.com\/lp-lead-magnet\/"},"modified":"2025-12-15T23:06:05","modified_gmt":"2025-12-15T22:06:05","slug":"la-contention-eztain","status":"publish","type":"page","link":"https:\/\/eztain.com\/en\/la-contention-eztain\/","title":{"rendered":"Patient"},"content":{"rendered":"\n<p>eZtain<\/p>\n","protected":false},"excerpt":{"rendered":"<p>eZtain<\/p>\n","protected":false},"author":1,"featured_media":0,"parent":0,"menu_order":0,"comment_status":"closed","ping_status":"closed","template":"page-landing.php","meta":{"_acf_changed":false,"_editorskit_title_hidden":false,"_editorskit_reading_time":0,"_editorskit_is_block_options_detached":false,"_editorskit_block_options_position":"{}","footnotes":""},"class_list":["post-6627","page","type-page","status-publish","hentry"],"acf":[],"yoast_head":"<!-- This site is optimized with the Yoast SEO plugin v26.6 - https:\/\/yoast.com\/wordpress\/plugins\/seo\/ -->\n<title>Patient | eZtain Lab<\/title>\n<meta name=\"robots\" content=\"index, follow, max-snippet:-1, max-image-preview:large, max-video-preview:-1\" \/>\n<link rel=\"canonical\" href=\"https:\/\/eztain.com\/en\/la-contention-eztain\/\" \/>\n<meta property=\"og:locale\" content=\"en_US\" \/>\n<meta property=\"og:type\" content=\"article\" \/>\n<meta property=\"og:title\" content=\"Patient | eZtain Lab\" \/>\n<meta property=\"og:description\" content=\"eZtain\" \/>\n<meta property=\"og:url\" content=\"https:\/\/eztain.com\/en\/la-contention-eztain\/\" \/>\n<meta property=\"og:site_name\" content=\"eZtain Lab\" \/>\n<meta property=\"article:publisher\" content=\"https:\/\/www.facebook.com\/profile.php?id=61558149431377\" \/>\n<meta property=\"article:modified_time\" content=\"2025-12-15T22:06:05+00:00\" \/>\n<meta property=\"og:image\" content=\"https:\/\/eztain.com\/wp-content\/uploads\/2025\/12\/Logo_eZtain-01.jpg\" \/>\n\t<meta property=\"og:image:width\" content=\"2500\" \/>\n\t<meta property=\"og:image:height\" content=\"1250\" \/>\n\t<meta property=\"og:image:type\" content=\"image\/jpeg\" \/>\n<meta name=\"twitter:card\" content=\"summary_large_image\" \/>\n<meta name=\"twitter:label1\" content=\"Est. reading time\" \/>\n\t<meta name=\"twitter:data1\" content=\"1 minute\" \/>\n<script type=\"application\/ld+json\" class=\"yoast-schema-graph\">{\"@context\":\"https:\/\/schema.org\",\"@graph\":[{\"@type\":\"WebPage\",\"@id\":\"https:\/\/eztain.com\/en\/la-contention-eztain\/\",\"url\":\"https:\/\/eztain.com\/en\/la-contention-eztain\/\",\"name\":\"Patient | eZtain Lab\",\"isPartOf\":{\"@id\":\"https:\/\/eztain.com\/en\/#website\"},\"datePublished\":\"2025-06-03T09:58:03+00:00\",\"dateModified\":\"2025-12-15T22:06:05+00:00\",\"breadcrumb\":{\"@id\":\"https:\/\/eztain.com\/en\/la-contention-eztain\/#breadcrumb\"},\"inLanguage\":\"en-US\",\"potentialAction\":[{\"@type\":\"ReadAction\",\"target\":[\"https:\/\/eztain.com\/en\/la-contention-eztain\/\"]}]},{\"@type\":\"BreadcrumbList\",\"@id\":\"https:\/\/eztain.com\/en\/la-contention-eztain\/#breadcrumb\",\"itemListElement\":[{\"@type\":\"ListItem\",\"position\":1,\"name\":\"Home\",\"item\":\"https:\/\/eztain.com\/en\/\"},{\"@type\":\"ListItem\",\"position\":2,\"name\":\"Patient\"}]},{\"@type\":\"WebSite\",\"@id\":\"https:\/\/eztain.com\/en\/#website\",\"url\":\"https:\/\/eztain.com\/en\/\",\"name\":\"eZtain contention d'orthodontie 100% sur-mesure en PEEK\",\"description\":\"eZtain Lab propose des contentions d&#039;orthodontie nouvelle g\u00e9n\u00e9ration, sur-mesure, en PEEK. Des contentions ultra-r\u00e9sistantes et esth\u00e9tiques.\",\"publisher\":{\"@id\":\"https:\/\/eztain.com\/en\/#organization\"},\"alternateName\":\"eZtain contention d'orthodontie 100% sur-mesure en PEEK\",\"potentialAction\":[{\"@type\":\"SearchAction\",\"target\":{\"@type\":\"EntryPoint\",\"urlTemplate\":\"https:\/\/eztain.com\/en\/?s={search_term_string}\"},\"query-input\":{\"@type\":\"PropertyValueSpecification\",\"valueRequired\":true,\"valueName\":\"search_term_string\"}}],\"inLanguage\":\"en-US\"},{\"@type\":\"Organization\",\"@id\":\"https:\/\/eztain.com\/en\/#organization\",\"name\":\"eZtain Lab\",\"url\":\"https:\/\/eztain.com\/en\/\",\"logo\":{\"@type\":\"ImageObject\",\"inLanguage\":\"en-US\",\"@id\":\"https:\/\/eztain.com\/en\/#\/schema\/logo\/image\/\",\"url\":\"https:\/\/eztain.com\/wp-content\/uploads\/2025\/12\/Logo_eZtain-01.jpg\",\"contentUrl\":\"https:\/\/eztain.com\/wp-content\/uploads\/2025\/12\/Logo_eZtain-01.jpg\",\"width\":2500,\"height\":1250,\"caption\":\"eZtain Lab\"},\"image\":{\"@id\":\"https:\/\/eztain.com\/en\/#\/schema\/logo\/image\/\"},\"sameAs\":[\"https:\/\/www.facebook.com\/profile.php?id=61558149431377\",\"https:\/\/www.instagram.com\/eztain_lab\/\",\"https:\/\/www.linkedin.com\/company\/eztain-lab\/\"]}]}<\/script>\n<!-- \/ Yoast SEO plugin. -->","yoast_head_json":{"title":"Patient | eZtain Lab","robots":{"index":"index","follow":"follow","max-snippet":"max-snippet:-1","max-image-preview":"max-image-preview:large","max-video-preview":"max-video-preview:-1"},"canonical":"https:\/\/eztain.com\/en\/la-contention-eztain\/","og_locale":"en_US","og_type":"article","og_title":"Patient | eZtain Lab","og_description":"eZtain","og_url":"https:\/\/eztain.com\/en\/la-contention-eztain\/","og_site_name":"eZtain Lab","article_publisher":"https:\/\/www.facebook.com\/profile.php?id=61558149431377","article_modified_time":"2025-12-15T22:06:05+00:00","og_image":[{"width":2500,"height":1250,"url":"https:\/\/eztain.com\/wp-content\/uploads\/2025\/12\/Logo_eZtain-01.jpg","type":"image\/jpeg"}],"twitter_card":"summary_large_image","twitter_misc":{"Est. reading time":"1 minute"},"schema":{"@context":"https:\/\/schema.org","@graph":[{"@type":"WebPage","@id":"https:\/\/eztain.com\/en\/la-contention-eztain\/","url":"https:\/\/eztain.com\/en\/la-contention-eztain\/","name":"Patient | eZtain Lab","isPartOf":{"@id":"https:\/\/eztain.com\/en\/#website"},"datePublished":"2025-06-03T09:58:03+00:00","dateModified":"2025-12-15T22:06:05+00:00","breadcrumb":{"@id":"https:\/\/eztain.com\/en\/la-contention-eztain\/#breadcrumb"},"inLanguage":"en-US","potentialAction":[{"@type":"ReadAction","target":["https:\/\/eztain.com\/en\/la-contention-eztain\/"]}]},{"@type":"BreadcrumbList","@id":"https:\/\/eztain.com\/en\/la-contention-eztain\/#breadcrumb","itemListElement":[{"@type":"ListItem","position":1,"name":"Home","item":"https:\/\/eztain.com\/en\/"},{"@type":"ListItem","position":2,"name":"Patient"}]},{"@type":"WebSite","@id":"https:\/\/eztain.com\/en\/#website","url":"https:\/\/eztain.com\/en\/","name":"eZtain contention d'orthodontie 100% sur-mesure en PEEK","description":"eZtain Lab propose des contentions d&#039;orthodontie nouvelle g\u00e9n\u00e9ration, sur-mesure, en PEEK. Des contentions ultra-r\u00e9sistantes et esth\u00e9tiques.","publisher":{"@id":"https:\/\/eztain.com\/en\/#organization"},"alternateName":"eZtain contention d'orthodontie 100% sur-mesure en PEEK","potentialAction":[{"@type":"SearchAction","target":{"@type":"EntryPoint","urlTemplate":"https:\/\/eztain.com\/en\/?s={search_term_string}"},"query-input":{"@type":"PropertyValueSpecification","valueRequired":true,"valueName":"search_term_string"}}],"inLanguage":"en-US"},{"@type":"Organization","@id":"https:\/\/eztain.com\/en\/#organization","name":"eZtain Lab","url":"https:\/\/eztain.com\/en\/","logo":{"@type":"ImageObject","inLanguage":"en-US","@id":"https:\/\/eztain.com\/en\/#\/schema\/logo\/image\/","url":"https:\/\/eztain.com\/wp-content\/uploads\/2025\/12\/Logo_eZtain-01.jpg","contentUrl":"https:\/\/eztain.com\/wp-content\/uploads\/2025\/12\/Logo_eZtain-01.jpg","width":2500,"height":1250,"caption":"eZtain Lab"},"image":{"@id":"https:\/\/eztain.com\/en\/#\/schema\/logo\/image\/"},"sameAs":["https:\/\/www.facebook.com\/profile.php?id=61558149431377","https:\/\/www.instagram.com\/eztain_lab\/","https:\/\/www.linkedin.com\/company\/eztain-lab\/"]}]}},"_links":{"self":[{"href":"https:\/\/eztain.com\/en\/wp-json\/wp\/v2\/pages\/6627","targetHints":{"allow":["GET"]}}],"collection":[{"href":"https:\/\/eztain.com\/en\/wp-json\/wp\/v2\/pages"}],"about":[{"href":"https:\/\/eztain.com\/en\/wp-json\/wp\/v2\/types\/page"}],"author":[{"embeddable":true,"href":"https:\/\/eztain.com\/en\/wp-json\/wp\/v2\/users\/1"}],"replies":[{"embeddable":true,"href":"https:\/\/eztain.com\/en\/wp-json\/wp\/v2\/comments?post=6627"}],"version-history":[{"count":0,"href":"https:\/\/eztain.com\/en\/wp-json\/wp\/v2\/pages\/6627\/revisions"}],"wp:attachment":[{"href":"https:\/\/eztain.com\/en\/wp-json\/wp\/v2\/media?parent=6627"}],"curies":[{"name":"wp","href":"https:\/\/api.w.org\/{rel}","templated":true}]}}