{"id":5685,"date":"2025-06-04T15:16:43","date_gmt":"2025-06-04T13:16:43","guid":{"rendered":"https:\/\/eztain.com\/contention-100-numerique-en-peek\/"},"modified":"2025-12-20T00:29:18","modified_gmt":"2025-12-19T23:29:18","slug":"digital-retainer-made-of-peek","status":"publish","type":"page","link":"https:\/\/eztain.com\/en\/digital-retainer-made-of-peek\/","title":{"rendered":"100% digital retainer made of PEEK"},"content":{"rendered":"","protected":false},"excerpt":{"rendered":"","protected":false},"author":3,"featured_media":4133,"parent":0,"menu_order":0,"comment_status":"closed","ping_status":"closed","template":"page-contention.php","meta":{"_acf_changed":true,"_editorskit_title_hidden":false,"_editorskit_reading_time":0,"_editorskit_is_block_options_detached":false,"_editorskit_block_options_position":"{}","footnotes":""},"class_list":["post-5685","page","type-page","status-publish","has-post-thumbnail","hentry"],"acf":[],"yoast_head":"<!-- This site is optimized with the Yoast SEO plugin v27.5 - https:\/\/yoast.com\/product\/yoast-seo-wordpress\/ -->\n<title>100% digital orthodontic retainer in PEEK | eZtain Lab<\/title>\n<meta name=\"description\" content=\"White dental retainer made of PEEK, 3D-milled, offering exceptional mechanical strength and optimal biocompatibility.\" \/>\n<meta name=\"robots\" content=\"index, follow, max-snippet:-1, max-image-preview:large, max-video-preview:-1\" \/>\n<link rel=\"canonical\" href=\"https:\/\/eztain.com\/en\/digital-retainer-made-of-peek\/\" \/>\n<meta property=\"og:locale\" content=\"en_US\" \/>\n<meta property=\"og:type\" content=\"article\" \/>\n<meta property=\"og:title\" content=\"100% digital orthodontic retainer in PEEK | eZtain Lab\" \/>\n<meta property=\"og:description\" content=\"White dental retainer made of PEEK, 3D-milled, offering exceptional mechanical strength and optimal biocompatibility.\" \/>\n<meta property=\"og:url\" content=\"https:\/\/eztain.com\/en\/digital-retainer-made-of-peek\/\" \/>\n<meta property=\"og:site_name\" content=\"eZtain Lab\" \/>\n<meta property=\"article:publisher\" content=\"https:\/\/www.facebook.com\/profile.php?id=61558149431377\" \/>\n<meta property=\"article:modified_time\" content=\"2025-12-19T23:29:18+00:00\" \/>\n<meta property=\"og:image\" content=\"https:\/\/eztain.com\/wp-content\/uploads\/2024\/09\/fil-de-contention-2.png\" \/>\n\t<meta property=\"og:image:width\" content=\"2046\" \/>\n\t<meta property=\"og:image:height\" content=\"1010\" \/>\n\t<meta property=\"og:image:type\" content=\"image\/png\" \/>\n<meta name=\"twitter:card\" content=\"summary_large_image\" \/>\n<meta name=\"twitter:label1\" content=\"Est. reading time\" \/>\n\t<meta name=\"twitter:data1\" content=\"1 minute\" \/>\n<script type=\"application\/ld+json\" class=\"yoast-schema-graph\">{\"@context\":\"https:\\\/\\\/schema.org\",\"@graph\":[{\"@type\":\"WebPage\",\"@id\":\"https:\\\/\\\/eztain.com\\\/en\\\/digital-retainer-made-of-peek\\\/\",\"url\":\"https:\\\/\\\/eztain.com\\\/en\\\/digital-retainer-made-of-peek\\\/\",\"name\":\"100% digital orthodontic retainer in PEEK | eZtain Lab\",\"isPartOf\":{\"@id\":\"https:\\\/\\\/eztain.com\\\/en\\\/#website\"},\"primaryImageOfPage\":{\"@id\":\"https:\\\/\\\/eztain.com\\\/en\\\/digital-retainer-made-of-peek\\\/#primaryimage\"},\"image\":{\"@id\":\"https:\\\/\\\/eztain.com\\\/en\\\/digital-retainer-made-of-peek\\\/#primaryimage\"},\"thumbnailUrl\":\"https:\\\/\\\/eztain.com\\\/wp-content\\\/uploads\\\/2024\\\/09\\\/fil-de-contention-2.png\",\"datePublished\":\"2025-06-04T13:16:43+00:00\",\"dateModified\":\"2025-12-19T23:29:18+00:00\",\"description\":\"White dental retainer made of PEEK, 3D-milled, offering exceptional mechanical strength and optimal biocompatibility.\",\"breadcrumb\":{\"@id\":\"https:\\\/\\\/eztain.com\\\/en\\\/digital-retainer-made-of-peek\\\/#breadcrumb\"},\"inLanguage\":\"en-US\",\"potentialAction\":[{\"@type\":\"ReadAction\",\"target\":[\"https:\\\/\\\/eztain.com\\\/en\\\/digital-retainer-made-of-peek\\\/\"]}]},{\"@type\":\"ImageObject\",\"inLanguage\":\"en-US\",\"@id\":\"https:\\\/\\\/eztain.com\\\/en\\\/digital-retainer-made-of-peek\\\/#primaryimage\",\"url\":\"https:\\\/\\\/eztain.com\\\/wp-content\\\/uploads\\\/2024\\\/09\\\/fil-de-contention-2.png\",\"contentUrl\":\"https:\\\/\\\/eztain.com\\\/wp-content\\\/uploads\\\/2024\\\/09\\\/fil-de-contention-2.png\",\"width\":2046,\"height\":1010,\"caption\":\"fixed retainer\"},{\"@type\":\"BreadcrumbList\",\"@id\":\"https:\\\/\\\/eztain.com\\\/en\\\/digital-retainer-made-of-peek\\\/#breadcrumb\",\"itemListElement\":[{\"@type\":\"ListItem\",\"position\":1,\"name\":\"Home\",\"item\":\"https:\\\/\\\/eztain.com\\\/en\\\/\"},{\"@type\":\"ListItem\",\"position\":2,\"name\":\"100% digital retainer made of PEEK\"}]},{\"@type\":\"WebSite\",\"@id\":\"https:\\\/\\\/eztain.com\\\/en\\\/#website\",\"url\":\"https:\\\/\\\/eztain.com\\\/en\\\/\",\"name\":\"eZtain contention d'orthodontie 100% sur-mesure en PEEK\",\"description\":\"eZtain Lab propose des contentions d&#039;orthodontie nouvelle g\u00e9n\u00e9ration, sur-mesure, en PEEK. Des contentions ultra-r\u00e9sistantes et esth\u00e9tiques.\",\"publisher\":{\"@id\":\"https:\\\/\\\/eztain.com\\\/en\\\/#organization\"},\"alternateName\":\"eZtain contention d'orthodontie 100% sur-mesure en PEEK\",\"potentialAction\":[{\"@type\":\"SearchAction\",\"target\":{\"@type\":\"EntryPoint\",\"urlTemplate\":\"https:\\\/\\\/eztain.com\\\/en\\\/?s={search_term_string}\"},\"query-input\":{\"@type\":\"PropertyValueSpecification\",\"valueRequired\":true,\"valueName\":\"search_term_string\"}}],\"inLanguage\":\"en-US\"},{\"@type\":\"Organization\",\"@id\":\"https:\\\/\\\/eztain.com\\\/en\\\/#organization\",\"name\":\"eZtain Lab\",\"url\":\"https:\\\/\\\/eztain.com\\\/en\\\/\",\"logo\":{\"@type\":\"ImageObject\",\"inLanguage\":\"en-US\",\"@id\":\"https:\\\/\\\/eztain.com\\\/en\\\/#\\\/schema\\\/logo\\\/image\\\/\",\"url\":\"https:\\\/\\\/eztain.com\\\/wp-content\\\/uploads\\\/2025\\\/12\\\/Logo_eZtain-01.jpg\",\"contentUrl\":\"https:\\\/\\\/eztain.com\\\/wp-content\\\/uploads\\\/2025\\\/12\\\/Logo_eZtain-01.jpg\",\"width\":2500,\"height\":1250,\"caption\":\"eZtain Lab\"},\"image\":{\"@id\":\"https:\\\/\\\/eztain.com\\\/en\\\/#\\\/schema\\\/logo\\\/image\\\/\"},\"sameAs\":[\"https:\\\/\\\/www.facebook.com\\\/profile.php?id=61558149431377\",\"https:\\\/\\\/www.instagram.com\\\/eztain_lab\\\/\",\"https:\\\/\\\/www.linkedin.com\\\/company\\\/eztain-lab\\\/\"]}]}<\/script>\n<!-- \/ Yoast SEO plugin. -->","yoast_head_json":{"title":"100% digital orthodontic retainer in PEEK | eZtain Lab","description":"White dental retainer made of PEEK, 3D-milled, offering exceptional mechanical strength and optimal biocompatibility.","robots":{"index":"index","follow":"follow","max-snippet":"max-snippet:-1","max-image-preview":"max-image-preview:large","max-video-preview":"max-video-preview:-1"},"canonical":"https:\/\/eztain.com\/en\/digital-retainer-made-of-peek\/","og_locale":"en_US","og_type":"article","og_title":"100% digital orthodontic retainer in PEEK | eZtain Lab","og_description":"White dental retainer made of PEEK, 3D-milled, offering exceptional mechanical strength and optimal biocompatibility.","og_url":"https:\/\/eztain.com\/en\/digital-retainer-made-of-peek\/","og_site_name":"eZtain Lab","article_publisher":"https:\/\/www.facebook.com\/profile.php?id=61558149431377","article_modified_time":"2025-12-19T23:29:18+00:00","og_image":[{"width":2046,"height":1010,"url":"https:\/\/eztain.com\/wp-content\/uploads\/2024\/09\/fil-de-contention-2.png","type":"image\/png"}],"twitter_card":"summary_large_image","twitter_misc":{"Est. reading time":"1 minute"},"schema":{"@context":"https:\/\/schema.org","@graph":[{"@type":"WebPage","@id":"https:\/\/eztain.com\/en\/digital-retainer-made-of-peek\/","url":"https:\/\/eztain.com\/en\/digital-retainer-made-of-peek\/","name":"100% digital orthodontic retainer in PEEK | eZtain Lab","isPartOf":{"@id":"https:\/\/eztain.com\/en\/#website"},"primaryImageOfPage":{"@id":"https:\/\/eztain.com\/en\/digital-retainer-made-of-peek\/#primaryimage"},"image":{"@id":"https:\/\/eztain.com\/en\/digital-retainer-made-of-peek\/#primaryimage"},"thumbnailUrl":"https:\/\/eztain.com\/wp-content\/uploads\/2024\/09\/fil-de-contention-2.png","datePublished":"2025-06-04T13:16:43+00:00","dateModified":"2025-12-19T23:29:18+00:00","description":"White dental retainer made of PEEK, 3D-milled, offering exceptional mechanical strength and optimal biocompatibility.","breadcrumb":{"@id":"https:\/\/eztain.com\/en\/digital-retainer-made-of-peek\/#breadcrumb"},"inLanguage":"en-US","potentialAction":[{"@type":"ReadAction","target":["https:\/\/eztain.com\/en\/digital-retainer-made-of-peek\/"]}]},{"@type":"ImageObject","inLanguage":"en-US","@id":"https:\/\/eztain.com\/en\/digital-retainer-made-of-peek\/#primaryimage","url":"https:\/\/eztain.com\/wp-content\/uploads\/2024\/09\/fil-de-contention-2.png","contentUrl":"https:\/\/eztain.com\/wp-content\/uploads\/2024\/09\/fil-de-contention-2.png","width":2046,"height":1010,"caption":"fixed retainer"},{"@type":"BreadcrumbList","@id":"https:\/\/eztain.com\/en\/digital-retainer-made-of-peek\/#breadcrumb","itemListElement":[{"@type":"ListItem","position":1,"name":"Home","item":"https:\/\/eztain.com\/en\/"},{"@type":"ListItem","position":2,"name":"100% digital retainer made of PEEK"}]},{"@type":"WebSite","@id":"https:\/\/eztain.com\/en\/#website","url":"https:\/\/eztain.com\/en\/","name":"eZtain contention d'orthodontie 100% sur-mesure en PEEK","description":"eZtain Lab propose des contentions d&#039;orthodontie nouvelle g\u00e9n\u00e9ration, sur-mesure, en PEEK. Des contentions ultra-r\u00e9sistantes et esth\u00e9tiques.","publisher":{"@id":"https:\/\/eztain.com\/en\/#organization"},"alternateName":"eZtain contention d'orthodontie 100% sur-mesure en PEEK","potentialAction":[{"@type":"SearchAction","target":{"@type":"EntryPoint","urlTemplate":"https:\/\/eztain.com\/en\/?s={search_term_string}"},"query-input":{"@type":"PropertyValueSpecification","valueRequired":true,"valueName":"search_term_string"}}],"inLanguage":"en-US"},{"@type":"Organization","@id":"https:\/\/eztain.com\/en\/#organization","name":"eZtain Lab","url":"https:\/\/eztain.com\/en\/","logo":{"@type":"ImageObject","inLanguage":"en-US","@id":"https:\/\/eztain.com\/en\/#\/schema\/logo\/image\/","url":"https:\/\/eztain.com\/wp-content\/uploads\/2025\/12\/Logo_eZtain-01.jpg","contentUrl":"https:\/\/eztain.com\/wp-content\/uploads\/2025\/12\/Logo_eZtain-01.jpg","width":2500,"height":1250,"caption":"eZtain Lab"},"image":{"@id":"https:\/\/eztain.com\/en\/#\/schema\/logo\/image\/"},"sameAs":["https:\/\/www.facebook.com\/profile.php?id=61558149431377","https:\/\/www.instagram.com\/eztain_lab\/","https:\/\/www.linkedin.com\/company\/eztain-lab\/"]}]}},"_links":{"self":[{"href":"https:\/\/eztain.com\/en\/wp-json\/wp\/v2\/pages\/5685","targetHints":{"allow":["GET"]}}],"collection":[{"href":"https:\/\/eztain.com\/en\/wp-json\/wp\/v2\/pages"}],"about":[{"href":"https:\/\/eztain.com\/en\/wp-json\/wp\/v2\/types\/page"}],"author":[{"embeddable":true,"href":"https:\/\/eztain.com\/en\/wp-json\/wp\/v2\/users\/3"}],"replies":[{"embeddable":true,"href":"https:\/\/eztain.com\/en\/wp-json\/wp\/v2\/comments?post=5685"}],"version-history":[{"count":0,"href":"https:\/\/eztain.com\/en\/wp-json\/wp\/v2\/pages\/5685\/revisions"}],"wp:featuredmedia":[{"embeddable":true,"href":"https:\/\/eztain.com\/en\/wp-json\/wp\/v2\/media\/4133"}],"wp:attachment":[{"href":"https:\/\/eztain.com\/en\/wp-json\/wp\/v2\/media?parent=5685"}],"curies":[{"name":"wp","href":"https:\/\/api.w.org\/{rel}","templated":true}]}}